{"id":6144,"date":"2018-06-02T15:51:15","date_gmt":"2018-06-02T13:51:15","guid":{"rendered":"https:\/\/neu.hsk-rohrleitungsbau.de\/impressum\/"},"modified":"2020-12-13T17:30:27","modified_gmt":"2020-12-13T16:30:27","slug":"imprint","status":"publish","type":"page","link":"https:\/\/hsk-rohrleitungsbau.de\/en\/imprint\/","title":{"rendered":"Imprint"},"content":{"rendered":"<div id='av_section_1'  class='avia-section av-liahg-072a1d797f116a4dc88f1930c8acb708 main_color avia-section-default avia-no-shadow  avia-builder-el-0  avia-builder-el-no-sibling  avia-bg-style-scroll container_wrap fullsize'  ><div class='container av-section-cont-open' ><main  role=\"main\" itemprop=\"mainContentOfPage\"  class='template-page content  av-content-full alpha units'><div class='post-entry post-entry-type-page post-entry-6144'><div class='entry-content-wrapper clearfix'>\n\n<style type=\"text\/css\" data-created_by=\"avia_inline_auto\" id=\"style-css-av-4030ic-dbbd5892169dfec9967d85ffac1ff31c\">\n.flex_column.av-4030ic-dbbd5892169dfec9967d85ffac1ff31c{\n-webkit-border-radius:0px 0px 0px 0px;\n-moz-border-radius:0px 0px 0px 0px;\nborder-radius:0px 0px 0px 0px;\npadding:0px 0px 0px 0px;\n}\n<\/style>\n<div  class='flex_column av-4030ic-dbbd5892169dfec9967d85ffac1ff31c av_one_fourth  avia-builder-el-1  el_before_av_three_fourth  avia-builder-el-first  first flex_column_div av-animated-generic bottom-to-top av-zero-column-padding  '     ><p>\n<style type=\"text\/css\" data-created_by=\"avia_inline_auto\" id=\"style-css-av-av_heading-20ac2cb29eb5c7a48ae5d66353ddfe85\">\n#top .av-special-heading.av-av_heading-20ac2cb29eb5c7a48ae5d66353ddfe85{\npadding-bottom:10px;\n}\nbody .av-special-heading.av-av_heading-20ac2cb29eb5c7a48ae5d66353ddfe85 .av-special-heading-tag .heading-char{\nfont-size:25px;\n}\n.av-special-heading.av-av_heading-20ac2cb29eb5c7a48ae5d66353ddfe85 .av-subheading{\nfont-size:15px;\n}\n<\/style>\n<div  class='av-special-heading av-av_heading-20ac2cb29eb5c7a48ae5d66353ddfe85 av-special-heading-h3  avia-builder-el-2  el_before_av_sidebar  avia-builder-el-first  av-linked-heading'><h3 class='av-special-heading-tag'  itemprop=\"headline\"  >Navigation<\/h3><div class=\"special-heading-border\"><div class=\"special-heading-inner-border\"><\/div><\/div><\/div><br \/>\n<div  class='avia-builder-widget-area clearfix  avia-builder-el-3  el_after_av_heading  el_before_av_textblock '><div id=\"nav_menu-3\" class=\"widget clearfix widget_nav_menu\"><div class=\"menu-contact-englisch-container\"><ul id=\"menu-contact-englisch\" class=\"menu\"><li id=\"menu-item-6165\" class=\"menu-item menu-item-type-post_type menu-item-object-page menu-item-6165\"><a href=\"https:\/\/hsk-rohrleitungsbau.de\/en\/contact\/\">Contact<\/a><\/li>\n<li id=\"menu-item-6166\" class=\"menu-item menu-item-type-post_type menu-item-object-page menu-item-6166\"><a href=\"https:\/\/hsk-rohrleitungsbau.de\/en\/imprint\/\">Imprint<\/a><\/li>\n<li id=\"menu-item-6167\" class=\"menu-item menu-item-type-post_type menu-item-object-page menu-item-6167\"><a href=\"https:\/\/hsk-rohrleitungsbau.de\/en\/data-privacy\/\">Data privacy<\/a><\/li>\n<\/ul><\/div><\/div><\/div><br \/>\n<section  class='av_textblock_section av-jhxghtou-d0e773656a94431158be35bc092437c6 '   itemscope=\"itemscope\" itemtype=\"https:\/\/schema.org\/CreativeWork\" ><div class='avia_textblock'  itemprop=\"text\" ><p><strong>V<span class=\"tlid-translation translation\" lang=\"en\"><span title=\"\">endor-<\/span><span title=\"\">labeling<\/span><\/span> according \u00a7 5 TMG<br \/>\n<\/strong>HSK Rohrleitungsbau GmbH<br \/>\nIndustriestra\u00dfe 40<br \/>\nD-54486 M\u00fclheim (Mosel)<\/p>\n<p><strong><span class=\"tlid-translation translation\" lang=\"en\"><span class=\"\" title=\"\">Represented by<br \/>\n<\/span><\/span><\/strong>CEO: David Scheer<\/p>\n<p><strong>Commercial register number<br \/>\n<\/strong>HRB 1544<br \/>\nAmtsgericht Bernkastel-Kues<\/p>\n<p><strong>Contact<br \/>\n<\/strong>Tel +49 (0)6534 \/ 9393 0<br \/>\nFax +49 (0)6534 \/ 9393 23<br \/>\n<a href=\"mailto:info@hsk-rohrleitungsbau.de\">info@hsk-rohrleitungsbau.de<\/a><\/p>\n<p><strong><span class=\"tlid-translation translation\" lang=\"en\"><span class=\"\" title=\"\">VAT number<br \/>\n<\/span><\/span><\/strong>DE 149 943 299<br \/>\nTax number: 43\/655\/1040\/8<\/p>\n<p><strong>Source<\/strong><br \/>\n<a title=\"eRecht24.de\" href=\"https:\/\/www.erecht24.de\" target=\"blank\" data-slimstat-async=\"true\" data-slimstat-callback=\"false\" data-slimstat-tracking=\"true\" data-slimstat-type=\"0\" data-slimstat-clicked=\"false\" rel=\"noopener noreferrer\">eRecht24.de \u2013 Internetrecht von<br \/>\nRechtsanwalt S\u00f6ren Siebert<\/a><\/p>\n<\/div><\/section><\/p><\/div>\n<style type=\"text\/css\" data-created_by=\"avia_inline_auto\" id=\"style-css-av-3b2ldw-aed3e6650df63abccca00c0575c514c4\">\n.flex_column.av-3b2ldw-aed3e6650df63abccca00c0575c514c4{\n-webkit-border-radius:0px 0px 0px 0px;\n-moz-border-radius:0px 0px 0px 0px;\nborder-radius:0px 0px 0px 0px;\npadding:0px 0px 0px 0px;\n}\n<\/style>\n<div  class='flex_column av-3b2ldw-aed3e6650df63abccca00c0575c514c4 av_three_fourth  avia-builder-el-5  el_after_av_one_fourth  avia-builder-el-last  flex_column_div av-animated-generic bottom-to-top av-zero-column-padding  '     ><p>\n<style type=\"text\/css\" data-created_by=\"avia_inline_auto\" id=\"style-css-av-av_heading-107474f97d0b92b731bce8b1e3903688\">\n#top .av-special-heading.av-av_heading-107474f97d0b92b731bce8b1e3903688{\npadding-bottom:10px;\n}\nbody .av-special-heading.av-av_heading-107474f97d0b92b731bce8b1e3903688 .av-special-heading-tag .heading-char{\nfont-size:25px;\n}\n.av-special-heading.av-av_heading-107474f97d0b92b731bce8b1e3903688 .av-subheading{\nfont-size:15px;\n}\n<\/style>\n<div  class='av-special-heading av-av_heading-107474f97d0b92b731bce8b1e3903688 av-special-heading-h3  avia-builder-el-6  el_before_av_textblock  avia-builder-el-first  av-linked-heading'><h3 class='av-special-heading-tag'  itemprop=\"headline\"  >Disclaimer<\/h3><div class=\"special-heading-border\"><div class=\"special-heading-inner-border\"><\/div><\/div><\/div><br \/>\n<section  class='av_textblock_section av-jhxghz3g-73a83303e8deda44c904ef6d740c1a0e '   itemscope=\"itemscope\" itemtype=\"https:\/\/schema.org\/CreativeWork\" ><div class='avia_textblock'  itemprop=\"text\" ><p><strong>Haftung f\u00fcr Inhalte<\/strong><\/p>\n<p>Als Diensteanbieter sind wir gem\u00e4\u00df \u00a7 7 Abs.1 TMG f\u00fcr eigene Inhalte auf diesen Seiten nach den allgemeinen Gesetzen verantwortlich. Nach \u00a7\u00a7 8 bis 10 TMG sind wir als Diensteanbieter jedoch nicht verpflichtet, \u00fcbermittelte oder gespeicherte fremde Informationen zu \u00fcberwachen oder nach Umst\u00e4nden zu forschen, die auf eine rechtswidrige T\u00e4tigkeit hinweisen.<br \/>\nVerpflichtungen zur Entfernung oder Sperrung der Nutzung von Informationen nach den allgemeinen Gesetzen bleiben hiervon unber\u00fchrt. Eine diesbez\u00fcgliche Haftung ist jedoch erst ab dem Zeitpunkt der Kenntnis einer konkreten Rechtsverletzung m\u00f6glich. Bei Bekanntwerden von entsprechenden Rechtsverletzungen werden wir diese Inhalte umgehend entfernen.<\/p>\n<p><strong>Haftung f\u00fcr Links<\/strong><\/p>\n<p>Unser Angebot enth\u00e4lt Links zu externen Websites Dritter, auf deren Inhalte wir keinen Einfluss haben. Deshalb k\u00f6nnen wir f\u00fcr diese fremden Inhalte auch keine Gew\u00e4hr \u00fcbernehmen. F\u00fcr die Inhalte der verlinkten Seiten ist stets der jeweilige Anbieter oder Betreiber der Seiten verantwortlich. Die verlinkten Seiten wurden zum Zeitpunkt der Verlinkung auf m\u00f6gliche Rechtsverst\u00f6\u00dfe \u00fcberpr\u00fcft. Rechtswidrige Inhalte waren zum Zeitpunkt der Verlinkung nicht erkennbar.<br \/>\nEine permanente inhaltliche Kontrolle der verlinkten Seiten ist jedoch ohne konkrete Anhaltspunkte einer Rechtsverletzung nicht zumutbar. Bei Bekanntwerden von Rechtsverletzungen werden wir derartige Links umgehend entfernen.<\/p>\n<p><strong>Urheberrecht<\/strong><\/p>\n<p>Die durch die Seitenbetreiber erstellten Inhalte und Werke auf diesen Seiten unterliegen dem deutschen Urheberrecht. Die Vervielf\u00e4ltigung, Bearbeitung, Verbreitung und jede Art der Verwertung au\u00dferhalb der Grenzen des Urheberrechtes bed\u00fcrfen der schriftlichen Zustimmung des jeweiligen Autors bzw. Erstellers. Downloads und Kopien dieser Seite sind nur f\u00fcr den privaten, nicht kommerziellen Gebrauch gestattet.<br \/>\nSoweit die Inhalte auf dieser Seite nicht vom Betreiber erstellt wurden, werden die Urheberrechte Dritter beachtet. Insbesondere werden Inhalte Dritter als solche gekennzeichnet. Sollten Sie trotzdem auf eine Urheberrechtsverletzung aufmerksam werden, bitten wir um einen entsprechenden Hinweis. Bei Bekanntwerden von Rechtsverletzungen werden wir derartige Inhalte umgehend entfernen.<\/p>\n<p><strong>Streitschlichtung<\/strong><\/p>\n<p>Die Europ\u00e4ische Kommission stellt eine Plattform zur Online-Streitbeilegung (OS) bereit: <a href=\"https:\/\/ec.europa.eu\/consumers\/odr\">https:\/\/ec.europa.eu\/consumers\/odr<\/a><\/p>\n<p>Unsere E-Mail-Adresse finden Sie oben im Impressum.<br \/>\nWir sind nicht bereit oder verpflichtet, an Streitbeilegungsverfahren vor einer Verbraucherschlichtungsstelle teilzunehmen.<\/p>\n<p><strong>Salvatorische Klausel<\/strong><\/p>\n<p>Sofern Teile oder einzelne Formulierungen dieses Textes der geltenden Rechtslage nicht, nicht mehr oder nicht vollst\u00e4ndig entsprechen sollten, bleiben die \u00fcbrigen Teile des Dokumentes in ihrem Inhalt und ihrer G\u00fcltigkeit davon unber\u00fchrt.<\/p>\n<\/div><\/section><\/p><\/div>\n","protected":false},"excerpt":{"rendered":"","protected":false},"author":1,"featured_media":0,"parent":0,"menu_order":0,"comment_status":"closed","ping_status":"closed","template":"","meta":[],"_links":{"self":[{"href":"https:\/\/hsk-rohrleitungsbau.de\/en\/wp-json\/wp\/v2\/pages\/6144"}],"collection":[{"href":"https:\/\/hsk-rohrleitungsbau.de\/en\/wp-json\/wp\/v2\/pages"}],"about":[{"href":"https:\/\/hsk-rohrleitungsbau.de\/en\/wp-json\/wp\/v2\/types\/page"}],"author":[{"embeddable":true,"href":"https:\/\/hsk-rohrleitungsbau.de\/en\/wp-json\/wp\/v2\/users\/1"}],"replies":[{"embeddable":true,"href":"https:\/\/hsk-rohrleitungsbau.de\/en\/wp-json\/wp\/v2\/comments?post=6144"}],"version-history":[{"count":3,"href":"https:\/\/hsk-rohrleitungsbau.de\/en\/wp-json\/wp\/v2\/pages\/6144\/revisions"}],"predecessor-version":[{"id":6308,"href":"https:\/\/hsk-rohrleitungsbau.de\/en\/wp-json\/wp\/v2\/pages\/6144\/revisions\/6308"}],"wp:attachment":[{"href":"https:\/\/hsk-rohrleitungsbau.de\/en\/wp-json\/wp\/v2\/media?parent=6144"}],"curies":[{"name":"wp","href":"https:\/\/api.w.org\/{rel}","templated":true}]}}