{"id":6182,"date":"2018-12-21T20:01:34","date_gmt":"2018-12-21T19:01:34","guid":{"rendered":"https:\/\/neu.hsk-rohrleitungsbau.de\/kompakte-energieanlagen\/"},"modified":"2019-04-07T11:13:51","modified_gmt":"2019-04-07T09:13:51","slug":"containerised-heat-plants","status":"publish","type":"page","link":"https:\/\/hsk-rohrleitungsbau.de\/en\/containerised-heat-plants\/","title":{"rendered":"Containerised heat plants"},"content":{"rendered":"<div id='av_section_1'  class='avia-section av-av_section-3ef07c12a2bb1670acbb6a6393332f22 main_color avia-section-default avia-no-border-styling  avia-builder-el-0  el_before_av_section  avia-builder-el-first  avia-bg-style-scroll container_wrap fullsize'  ><div class='container av-section-cont-open' ><main  role=\"main\" itemprop=\"mainContentOfPage\"  class='template-page content  av-content-full alpha units'><div class='post-entry post-entry-type-page post-entry-6182'><div class='entry-content-wrapper clearfix'>\n\n<style type=\"text\/css\" data-created_by=\"avia_inline_auto\" id=\"style-css-av-jpz7pq8a-5ec726445327dadc93c3f98d3676250e\">\n#top .av-special-heading.av-jpz7pq8a-5ec726445327dadc93c3f98d3676250e{\npadding-bottom:10px;\n}\nbody .av-special-heading.av-jpz7pq8a-5ec726445327dadc93c3f98d3676250e .av-special-heading-tag .heading-char{\nfont-size:25px;\n}\n.av-special-heading.av-jpz7pq8a-5ec726445327dadc93c3f98d3676250e .av-subheading{\nfont-size:15px;\n}\n<\/style>\n<div  class='av-special-heading av-jpz7pq8a-5ec726445327dadc93c3f98d3676250e av-special-heading-h3  avia-builder-el-1  el_before_av_hr  avia-builder-el-first '><h3 class='av-special-heading-tag'  itemprop=\"headline\"  >Sattdampf \/ Hei\u00dfdampf<\/h3><div class=\"special-heading-border\"><div class=\"special-heading-inner-border\"><\/div><\/div><\/div>\n<section  class='av_textblock_section av-jpz7pxz9-7696ffd799daf813178f1ee27a52f786 '   itemscope=\"itemscope\" itemtype=\"https:\/\/schema.org\/CreativeWork\" ><div class='avia_textblock'  itemprop=\"text\" ><p>Sattdampfanlagen bis 30,0 bar<br \/>\nHei\u00dfdampfanlagen bis 30,0 bar<\/p>\n<table border=\"0\">\n<tbody>\n<tr>\n<td colspan=\"3\"><strong>Sattdampf<\/strong><\/td>\n<\/tr>\n<tr>\n<td width=\"200\">Leistungsbereich (je Einheit)<\/td>\n<td width=\"115\">2,0 \u2013 8,0 t\/h<\/td>\n<td width=\"115\">10,0 &#8211; 16,0 t\/h<\/td>\n<\/tr>\n<tr>\n<td>Max. zul\u00e4ssige Betriebs\u00fcberdruck<\/td>\n<td>bis 30,0 bar<\/td>\n<td>bis 24,0 bar<\/td>\n<\/tr>\n<tr>\n<td colspan=\"3\" height=\"30\"><\/td>\n<\/tr>\n<tr>\n<td colspan=\"3\"><strong>Hei\u00dfdampf<\/strong><\/td>\n<\/tr>\n<tr>\n<td>Leistungsbereich (je Einheit)<\/td>\n<td>6,0 \u2013 8,0 t\/h<\/td>\n<td>10,0 &#8211; 16,0 t\/h<\/td>\n<\/tr>\n<tr>\n<td>Max. zul\u00e4ssige Betriebs\u00fcberdruck<\/td>\n<td>bis 30,0 bar<\/td>\n<td>bis 24,0 bar<\/td>\n<\/tr>\n<tr>\n<td>Max. zul\u00e4ssige Hei\u00dfdampftemperatur<\/td>\n<td>350 \u00b0C<\/td>\n<td>330 \u00b0C<\/td>\n<\/tr>\n<\/tbody>\n<\/table>\n<p><strong>Brennstoffe:<\/strong> Erdgas H \/ L Heiz\u00f6l EL<br \/>\nSonderbrennstoffe auf Anfrage<\/p>\n<\/div><\/section>\n<\/div><\/div><\/main><!-- close content main element --><\/div><\/div><div id='av_section_2'  class='avia-section av-av_section-3ef07c12a2bb1670acbb6a6393332f22 main_color avia-section-default avia-no-border-styling avia-bg-style-scroll container_wrap fullsize'  ><div class='container av-section-cont-open' ><div class='template-page content  av-content-full alpha units'><div class='post-entry post-entry-type-page post-entry-6182'><div class='entry-content-wrapper clearfix'>\n\n<style type=\"text\/css\" data-created_by=\"avia_inline_auto\" id=\"style-css-av-jpz7pq8a-bfc928748a011721cf950261873f7b43\">\n#top .av-special-heading.av-jpz7pq8a-bfc928748a011721cf950261873f7b43{\npadding-bottom:10px;\n}\nbody .av-special-heading.av-jpz7pq8a-bfc928748a011721cf950261873f7b43 .av-special-heading-tag .heading-char{\nfont-size:25px;\n}\n.av-special-heading.av-jpz7pq8a-bfc928748a011721cf950261873f7b43 .av-subheading{\nfont-size:15px;\n}\n<\/style>\n<div  class='av-special-heading av-jpz7pq8a-bfc928748a011721cf950261873f7b43 av-special-heading-h3'><h3 class='av-special-heading-tag'  itemprop=\"headline\"  >Warmwasser \/ Hei\u00dfwasseranlage<\/h3><div class=\"special-heading-border\"><div class=\"special-heading-inner-border\"><\/div><\/div><\/div>\n<section  class='av_textblock_section av-jpz7pxz9-7696ffd799daf813178f1ee27a52f786 '   itemscope=\"itemscope\" itemtype=\"https:\/\/schema.org\/CreativeWork\" ><div class='avia_textblock'  itemprop=\"text\" ><p>Warmwasseranlagen bis 110 \u00b0C<br \/>\nHei\u00dfwasseranlagen bis 180 \u00b0C<\/p>\n<table border=\"0\">\n<tbody>\n<tr>\n<td colspan=\"2\"><strong>Warmwasser<\/strong><\/td>\n<\/tr>\n<tr>\n<td width=\"280\">Leistungsbereich (je Einheit)<\/td>\n<td width=\"150\">3,0 \u2013 6,5 MW<\/td>\n<\/tr>\n<tr>\n<td>Max. zul\u00e4ssige Betriebs\u00fcberdruck<\/td>\n<td>bis 6,0 bar<\/td>\n<\/tr>\n<tr>\n<td>Max. zul\u00e4ssige Betriebstemperatur<\/td>\n<td>bis 110 \u00b0C<\/td>\n<\/tr>\n<tr>\n<td colspan=\"2\" height=\"30\"><\/td>\n<\/tr>\n<tr>\n<td colspan=\"2\"><strong>Hei\u00dfdampf<\/strong><\/td>\n<\/tr>\n<tr>\n<td>Leistungsbereich (je Einheit)<\/td>\n<td>3,0 \u2013 6,5 MW<\/td>\n<\/tr>\n<tr>\n<td>Max. zul\u00e4ssige Betriebs\u00fcberdruck<\/td>\n<td>bis 16,0 bar<\/td>\n<\/tr>\n<tr>\n<td>Max. zul\u00e4ssige Betriebstemperatur<\/td>\n<td>bis 180 \u00b0C<\/td>\n<\/tr>\n<\/tbody>\n<\/table>\n<p><strong>Brennstoffe:<\/strong> Erdgas H \/ L Heiz\u00f6l EL<br \/>\nSonderbrennstoffe auf Anfrage<\/p>\n<\/div><\/section>\n<\/div><\/div><\/div><!-- close content main div --><\/div><\/div><div id='av_section_3'  class='avia-section av-av_section-3ef07c12a2bb1670acbb6a6393332f22 main_color avia-section-default avia-no-border-styling avia-bg-style-scroll container_wrap fullsize'  ><div class='container av-section-cont-open' ><div class='template-page content  av-content-full alpha units'><div class='post-entry post-entry-type-page post-entry-6182'><div class='entry-content-wrapper clearfix'>\n\n<style type=\"text\/css\" data-created_by=\"avia_inline_auto\" id=\"style-css-av-jpz7pq8a-7b37957869985fb34f5d5101cfe966b6\">\n#top .av-special-heading.av-jpz7pq8a-7b37957869985fb34f5d5101cfe966b6{\npadding-bottom:10px;\n}\nbody .av-special-heading.av-jpz7pq8a-7b37957869985fb34f5d5101cfe966b6 .av-special-heading-tag .heading-char{\nfont-size:25px;\n}\n.av-special-heading.av-jpz7pq8a-7b37957869985fb34f5d5101cfe966b6 .av-subheading{\nfont-size:15px;\n}\n<\/style>\n<div  class='av-special-heading av-jpz7pq8a-7b37957869985fb34f5d5101cfe966b6 av-special-heading-h3'><h3 class='av-special-heading-tag'  itemprop=\"headline\"  >Thermal\u00f6l<\/h3><div class=\"special-heading-border\"><div class=\"special-heading-inner-border\"><\/div><\/div><\/div>\n<section  class='av_textblock_section av-jpz7pxz9-7696ffd799daf813178f1ee27a52f786 '   itemscope=\"itemscope\" itemtype=\"https:\/\/schema.org\/CreativeWork\" ><div class='avia_textblock'  itemprop=\"text\" ><p>Thermal\u00f6l Erhitzer verschiedener Leistungsstufen mit Einhausung in einen Container.<\/p>\n<p>Nennen Sie uns ihren Bedarf und wir erstellen Ihnen ein individuelles Angebot.<\/p>\n<ul>\n<li>Leistungsbereich (kW)<\/li>\n<\/ul>\n<ul>\n<li>Temperaturbereich<\/li>\n<\/ul>\n<p><a href=\"https:\/\/hsk-rohrleitungsbau.de\/index.php\/de\/anfrageformular-thermaloel\">Hier gehts zu unserem Anfrageformular!<\/a><\/p>\n<\/div><\/section>\n<\/div><\/div><\/div><!-- close content main div --><\/div><\/div><div id='av_section_4'  class='avia-section av-av_section-3ef07c12a2bb1670acbb6a6393332f22 main_color avia-section-default avia-no-border-styling avia-bg-style-scroll container_wrap fullsize'  ><div class='container av-section-cont-open' ><div class='template-page content  av-content-full alpha units'><div class='post-entry post-entry-type-page post-entry-6182'><div class='entry-content-wrapper clearfix'>\n\n<style type=\"text\/css\" data-created_by=\"avia_inline_auto\" id=\"style-css-av-jpz7pq8a-f1364989c6a98a94350114e695da9792\">\n#top .av-special-heading.av-jpz7pq8a-f1364989c6a98a94350114e695da9792{\npadding-bottom:10px;\n}\nbody .av-special-heading.av-jpz7pq8a-f1364989c6a98a94350114e695da9792 .av-special-heading-tag .heading-char{\nfont-size:25px;\n}\n.av-special-heading.av-jpz7pq8a-f1364989c6a98a94350114e695da9792 .av-subheading{\nfont-size:15px;\n}\n<\/style>\n<div  class='av-special-heading av-jpz7pq8a-f1364989c6a98a94350114e695da9792 av-special-heading-h3'><h3 class='av-special-heading-tag'  itemprop=\"headline\"  >Leistungsmerkmale<\/h3><div class=\"special-heading-border\"><div class=\"special-heading-inner-border\"><\/div><\/div><\/div>\n<section  class='av_textblock_section av-jpz7pxz9-7696ffd799daf813178f1ee27a52f786 '   itemscope=\"itemscope\" itemtype=\"https:\/\/schema.org\/CreativeWork\" ><div class='avia_textblock'  itemprop=\"text\" ><ul>\n<li>Gleichwertiger Ersatz zum Kesselhaus<\/li>\n<\/ul>\n<ul>\n<li>Komplette Werksfertigung mit CE-Kennzeichnung der funktionsf\u00e4higen Anlage<\/li>\n<\/ul>\n<ul>\n<li>Kalte Funktionspr\u00fcfung der Anlage im Herstellerwerk<\/li>\n<\/ul>\n<ul>\n<li>Kurze Montagearbeiten am Standort<\/li>\n<\/ul>\n<ul>\n<li>Kurze Inbetriebnahmezeit am Standort<\/li>\n<\/ul>\n<p><strong>Bauseitige Leistungen<\/strong><\/p>\n<ul>\n<li>Erstellen der Streifenfundamente<\/li>\n<\/ul>\n<ul>\n<li>Herausf\u00fchren der erforderlichen Medienleitungen<\/li>\n<\/ul>\n<ul>\n<li>im wesentlichen z.B. Strom, Wasser, Abwasser, Brennstoff. Ausf\u00fchrungen gem\u00e4\u00df der geltenden Normen und Regelwerken<\/li>\n<\/ul>\n<\/div><\/section>\n<\/p>\n","protected":false},"excerpt":{"rendered":"","protected":false},"author":1,"featured_media":0,"parent":0,"menu_order":0,"comment_status":"closed","ping_status":"closed","template":"","meta":[],"_links":{"self":[{"href":"https:\/\/hsk-rohrleitungsbau.de\/en\/wp-json\/wp\/v2\/pages\/6182"}],"collection":[{"href":"https:\/\/hsk-rohrleitungsbau.de\/en\/wp-json\/wp\/v2\/pages"}],"about":[{"href":"https:\/\/hsk-rohrleitungsbau.de\/en\/wp-json\/wp\/v2\/types\/page"}],"author":[{"embeddable":true,"href":"https:\/\/hsk-rohrleitungsbau.de\/en\/wp-json\/wp\/v2\/users\/1"}],"replies":[{"embeddable":true,"href":"https:\/\/hsk-rohrleitungsbau.de\/en\/wp-json\/wp\/v2\/comments?post=6182"}],"version-history":[{"count":1,"href":"https:\/\/hsk-rohrleitungsbau.de\/en\/wp-json\/wp\/v2\/pages\/6182\/revisions"}],"predecessor-version":[{"id":6184,"href":"https:\/\/hsk-rohrleitungsbau.de\/en\/wp-json\/wp\/v2\/pages\/6182\/revisions\/6184"}],"wp:attachment":[{"href":"https:\/\/hsk-rohrleitungsbau.de\/en\/wp-json\/wp\/v2\/media?parent=6182"}],"curies":[{"name":"wp","href":"https:\/\/api.w.org\/{rel}","templated":true}]}}