{"id":6186,"date":"2018-12-21T19:59:34","date_gmt":"2018-12-21T18:59:34","guid":{"rendered":"https:\/\/neu.hsk-rohrleitungsbau.de\/rohrleitungsbau\/"},"modified":"2019-04-07T11:14:23","modified_gmt":"2019-04-07T09:14:23","slug":"pipework-construction","status":"publish","type":"page","link":"https:\/\/hsk-rohrleitungsbau.de\/en\/pipework-construction\/","title":{"rendered":"Pipework construction"},"content":{"rendered":"<div id='av_section_1'  class='avia-section av-av_section-3ef07c12a2bb1670acbb6a6393332f22 main_color avia-section-default avia-no-border-styling  avia-builder-el-0  el_before_av_section  avia-builder-el-first  avia-bg-style-scroll container_wrap fullsize'  ><div class='container av-section-cont-open' ><main  role=\"main\" itemprop=\"mainContentOfPage\"  class='template-page content  av-content-full alpha units'><div class='post-entry post-entry-type-page post-entry-6186'><div class='entry-content-wrapper clearfix'>\n\n<style type=\"text\/css\" data-created_by=\"avia_inline_auto\" id=\"style-css-av-jpz7j2gk-0d59b930a83cbf4ed36eacb472a016b2\">\n#top .av-special-heading.av-jpz7j2gk-0d59b930a83cbf4ed36eacb472a016b2{\npadding-bottom:10px;\n}\nbody .av-special-heading.av-jpz7j2gk-0d59b930a83cbf4ed36eacb472a016b2 .av-special-heading-tag .heading-char{\nfont-size:25px;\n}\n.av-special-heading.av-jpz7j2gk-0d59b930a83cbf4ed36eacb472a016b2 .av-subheading{\nfont-size:15px;\n}\n<\/style>\n<div  class='av-special-heading av-jpz7j2gk-0d59b930a83cbf4ed36eacb472a016b2 av-special-heading-h3  avia-builder-el-1  el_before_av_textblock  avia-builder-el-first '><h3 class='av-special-heading-tag'  itemprop=\"headline\"  >&#8230;eine runde Sache<\/h3><div class=\"special-heading-border\"><div class=\"special-heading-inner-border\"><\/div><\/div><\/div>\n<section  class='av_textblock_section av-jpz7jabp-9e3bd13000799d89bf5ec0afc357b893 '   itemscope=\"itemscope\" itemtype=\"https:\/\/schema.org\/CreativeWork\" ><div class='avia_textblock'  itemprop=\"text\" ><p>HSK-Rohrleitungsbau plant, konstruiert und montiert Rohrleitungen und Rohrleitungssysteme im Hoch- und Niederdruckbereich.<\/p>\n<ul>\n<li>Ma\u00dfarbeit\n<ul>\n<li>Wir haben ein spezielles Aufma\u00dfsystem entwickelt, welches es uns erm\u00f6glicht, den gr\u00f6\u00dften Teil der Rohrleitungen so vorzufertigen, dass die Endmontage bei unseren Kunden auf ein Minimum reduziert wird.<\/li>\n<\/ul>\n<\/li>\n<\/ul>\n<ul>\n<li>Werkstoffe im Einsatz\n<ul>\n<li>Stahl<\/li>\n<li>Edelstahl<\/li>\n<li>Kunststoffe<\/li>\n<li>Sonderwerkstoffe<\/li>\n<\/ul>\n<\/li>\n<\/ul>\n<ul>\n<li>Planung und Konstruktion\n<ul>\n<li>Erstellung von Rohrleitungspl\u00e4nen in 2D- und 3D-Technik<\/li>\n<li>Isometrien<\/li>\n<li>Flie\u00dfschemata<\/li>\n<li>Berechnungen<\/li>\n<li>Nennweiten von DN 6 bis DN 1200<\/li>\n<li>Nenndr\u00fccke bis PN 400<\/li>\n<li>Getr\u00e4nkerohr nach DIN 11850<\/li>\n<\/ul>\n<\/li>\n<\/ul>\n<ul>\n<li>Rohrleitungsvorfertigung\n<ul>\n<li>Nach Isometriezeichnungen oder nach Ihren Pl\u00e4nen.<br \/>\n<strong>Rohrleitungsmontage:<\/strong> Wir montieren die vorgefertigten Rohrteile vor Ort und errichten Ihre komplette Anlage.<br \/>\n<strong>Wir \u00fcbernehmen auch Ihre Montage:<\/strong> Sie planen ein Projekt, stellen das Material und wir die Schwei\u00dfer.<\/li>\n<\/ul>\n<\/li>\n<\/ul>\n<ul>\n<li>Sicherheit \/ Umweltschutz \/ Qualit\u00e4tspr\u00fcfung\n<ul>\n<li>Zerst\u00f6rungsfreie Werkstoffpr\u00fcfung, Durchstrahlungspr\u00fcfung, Farbeindringpr\u00fcfung<\/li>\n<li>Abnahme durch eine bef\u00e4higte Person oder zugelassene \u00dcberwachungsstellen<\/li>\n<\/ul>\n<\/li>\n<\/ul>\n<ul>\n<li>Wartung und Instandhaltung Ihres Rohrleitungssystems<\/li>\n<\/ul>\n<ul>\n<li>Demontage und Entsorgung der stillgelegten Rohrleitungen<\/li>\n<\/ul>\n<\/div><\/section>\n\n<style type=\"text\/css\" data-created_by=\"avia_inline_auto\" id=\"style-css-av-jpz7j62g-c6121e78e61af57d45245c2b710352ea\">\n#top .av-special-heading.av-jpz7j62g-c6121e78e61af57d45245c2b710352ea{\npadding-bottom:10px;\n}\nbody .av-special-heading.av-jpz7j62g-c6121e78e61af57d45245c2b710352ea .av-special-heading-tag .heading-char{\nfont-size:25px;\n}\n.av-special-heading.av-jpz7j62g-c6121e78e61af57d45245c2b710352ea .av-subheading{\nfont-size:15px;\n}\n<\/style>\n<div  class='av-special-heading av-jpz7j62g-c6121e78e61af57d45245c2b710352ea av-special-heading-h3'><h3 class='av-special-heading-tag'  itemprop=\"headline\"  >Anwendungsbeispiele<\/h3><div class=\"special-heading-border\"><div class=\"special-heading-inner-border\"><\/div><\/div><\/div>\n<section  class='av_textblock_section av-jpz7jh9u-bdfcd36f623e43fb3b04d2aab419b7b9 '   itemscope=\"itemscope\" itemtype=\"https:\/\/schema.org\/CreativeWork\" ><div class='avia_textblock'  itemprop=\"text\" ><ul>\n<li><strong>Rohrleitungsnetze u.a. f\u00fcr<\/strong><\/li>\n<p>W\u00e4rmetr\u00e4ger: Dampf, Hei\u00dfwasser und Thermal\u00f6l<\/ul>\n<ul>\n<li><strong>Rohrleitungen f\u00fcr<\/strong><\/li>\n<p>Druckluft, Kondensat, Gas, &#8230;<\/ul>\n<ul>\n<li><strong>Verrohrung von<\/strong><\/li>\n<p>Tanklagern, Kl\u00e4ranlagen, Bitumenanlagen<\/ul>\n<ul>\n<li><strong>Fernw\u00e4rmeleitungen \/ K\u00fchlsysteme<\/strong><\/li>\n<p>Rohrschlangen f\u00fcr Ammoniak oder Stickstoff<\/ul>\n<ul>\n<li><strong>Rohrbr\u00fccken \/ Produktleitungen<\/strong><\/li>\n<p>Verrohrung von Getr\u00e4nkerohr z.B. in der Lebensmittelindustrie oder in der Getr\u00e4nkeindustrie<\/ul>\n<ul>\n<li><strong>Doppelmantelrohr<\/strong><\/li>\n<p>zur Beheizung oder Sicherheitseinrichtung<\/ul>\n<ul>\n<li><strong>Schwei\u00df- und Pressverbindungen<\/strong><\/li>\n<\/ul>\n<\/div><\/section>\n<\/div><\/div><\/main><!-- close content main element --><\/div><\/div><div id='av_section_2'  class='avia-section av-av_section-3ef07c12a2bb1670acbb6a6393332f22 main_color avia-section-default avia-no-border-styling avia-bg-style-scroll container_wrap fullsize'  ><div class='container av-section-cont-open' ><div class='template-page content  av-content-full alpha units'><div class='post-entry post-entry-type-page post-entry-6186'><div class='entry-content-wrapper clearfix'>\n\n<style type=\"text\/css\" data-created_by=\"avia_inline_auto\" id=\"style-css-av-jpz7j2gk-da9fb185655124fdf0b9ffe5dd332e2b\">\n#top .av-special-heading.av-jpz7j2gk-da9fb185655124fdf0b9ffe5dd332e2b{\npadding-bottom:10px;\n}\nbody .av-special-heading.av-jpz7j2gk-da9fb185655124fdf0b9ffe5dd332e2b .av-special-heading-tag .heading-char{\nfont-size:25px;\n}\n.av-special-heading.av-jpz7j2gk-da9fb185655124fdf0b9ffe5dd332e2b .av-subheading{\nfont-size:15px;\n}\n<\/style>\n<div  class='av-special-heading av-jpz7j2gk-da9fb185655124fdf0b9ffe5dd332e2b av-special-heading-h3'><h3 class='av-special-heading-tag'  itemprop=\"headline\"  >W\u00e4rmetr\u00e4ger<\/h3><div class=\"special-heading-border\"><div class=\"special-heading-inner-border\"><\/div><\/div><\/div>\n<section  class='av_textblock_section av-jpz7jabp-9e3bd13000799d89bf5ec0afc357b893 '   itemscope=\"itemscope\" itemtype=\"https:\/\/schema.org\/CreativeWork\" ><div class='avia_textblock'  itemprop=\"text\" ><div class=\"ueberschrift\">Dampf<\/div>\n<p><strong><br \/>\nStation\u00e4re und mobile Kesselanlagen<\/strong><\/p>\n<ul>\n<li>Dampf- und Kondensatsysteme<\/li>\n<\/ul>\n<ul>\n<li>Planung, Auslegung und Dokumentation von Kesselanlagen<\/li>\n<\/ul>\n<p><strong>W\u00e4rmeerzeugung<\/strong><br \/>\nLieferung der dazugeh\u00f6rigen Komponenten:<\/p>\n<ul>\n<li>Dampfkessel, Speisewasserabf\u00fchrung, Schornsteinanlagen<\/li>\n<\/ul>\n<p><strong>W\u00e4rmeverteilung<\/strong><\/p>\n<ul>\n<li>Rohrnetz: Anbinden der Verbraucher an das Dampf- und Kondensatsystem, Isolierung auf Wunsch<\/li>\n<\/ul>\n<p><strong>Kondensatwirtschaft<\/strong><\/p>\n<ul>\n<li>Geschlossene Kondensatsysteme: Hochdruckkondensatanlagen<\/li>\n<\/ul>\n<ul>\n<li>Offenen Kondensatsysteme: Drucklose Kondensatr\u00fcckf\u00fchrung<\/li>\n<\/ul>\n<p><strong>Kondensathebestationen<\/strong><\/p>\n<ul>\n<li>Sammeln und R\u00fcckf\u00fchren des anfallenden Kondensats zur Speisewasseraufbereitungsanlage<\/li>\n<\/ul>\n<div class=\"ueberschrift\">Hei\u00dfwasser<\/div>\n<p>Planung, Auslegung und Dokumentation von Hei\u00dfwasseranlagen z.B. f\u00fcr die Brauchwassererw\u00e4rmung<\/p>\n<p><strong>W\u00e4rmeerzeugung<\/strong><br \/>\nLieferung der dazugeh\u00f6rigen Komponenten f\u00fcr die Kesselh\u00e4user:<\/p>\n<ul>\n<li>z.B. Hei\u00dfwasserkessel, Speisewasseraufbereitung, Schornsteinanlage<\/li>\n<\/ul>\n<p>Lieferung der Verbraucher:<\/p>\n<ul>\n<li>z.B. W\u00e4rmetauscher<\/li>\n<\/ul>\n<p><strong>W\u00e4rmeverteilung<\/strong><\/p>\n<ul>\n<li>Rohrnetz: Anbinden der Verbraucher an das Hei\u00dfwassersystem Isolierung auf Wunsch<\/li>\n<\/ul>\n<div class=\"ueberschrift\">Thermal\u00f6l<\/div>\n<p><strong>Fertigung<\/strong> von Thermal\u00f6l-Erhitzern<\/p>\n<p><strong>Reparaturen<\/strong> an Kesseln und Beh\u00e4ltern<\/p>\n<p><strong>Erneuerungen<\/strong> von beheizten Doppelmantelrohren, Armaturen<\/p>\n<p><strong>Tankbef\u00fcllsysteme<\/strong> z.B. Gaspendelungen<\/p>\n<\/div><\/section>\n\n<style type=\"text\/css\" data-created_by=\"avia_inline_auto\" id=\"style-css-av-jpz7j62g-c6121e78e61af57d45245c2b710352ea\">\n#top .av-special-heading.av-jpz7j62g-c6121e78e61af57d45245c2b710352ea{\npadding-bottom:10px;\n}\nbody .av-special-heading.av-jpz7j62g-c6121e78e61af57d45245c2b710352ea .av-special-heading-tag .heading-char{\nfont-size:25px;\n}\n.av-special-heading.av-jpz7j62g-c6121e78e61af57d45245c2b710352ea .av-subheading{\nfont-size:15px;\n}\n<\/style>\n<div  class='av-special-heading av-jpz7j62g-c6121e78e61af57d45245c2b710352ea av-special-heading-h3'><h3 class='av-special-heading-tag'  itemprop=\"headline\"  >Anwendungsbeispiele<\/h3><div class=\"special-heading-border\"><div class=\"special-heading-inner-border\"><\/div><\/div><\/div>\n<section  class='av_textblock_section av-jpz7jh9u-bdfcd36f623e43fb3b04d2aab419b7b9 '   itemscope=\"itemscope\" itemtype=\"https:\/\/schema.org\/CreativeWork\" ><div class='avia_textblock'  itemprop=\"text\" ><p>HSK-Rohrleitungsbau plant, konstruiert und montiert W\u00e4rmetr\u00e4ger f\u00fcr die unterschiedlichsten Energien \u2013 exakt auf die speziellen W\u00fcnsche des Kunden angepasst.<\/p>\n<\/div><\/section>\n<\/div><\/div><\/div><!-- close content main div --><\/div><\/div><div id='av_section_3'  class='avia-section av-av_section-3ef07c12a2bb1670acbb6a6393332f22 main_color avia-section-default avia-no-border-styling avia-bg-style-scroll container_wrap fullsize'  ><div class='container av-section-cont-open' ><div class='template-page content  av-content-full alpha units'><div class='post-entry post-entry-type-page post-entry-6186'><div class='entry-content-wrapper clearfix'>\n\n<style type=\"text\/css\" data-created_by=\"avia_inline_auto\" id=\"style-css-av-jpz7j2gk-3c0e334123057913f6a45807eaad0083\">\n#top .av-special-heading.av-jpz7j2gk-3c0e334123057913f6a45807eaad0083{\npadding-bottom:10px;\n}\nbody .av-special-heading.av-jpz7j2gk-3c0e334123057913f6a45807eaad0083 .av-special-heading-tag .heading-char{\nfont-size:25px;\n}\n.av-special-heading.av-jpz7j2gk-3c0e334123057913f6a45807eaad0083 .av-subheading{\nfont-size:15px;\n}\n<\/style>\n<div  class='av-special-heading av-jpz7j2gk-3c0e334123057913f6a45807eaad0083 av-special-heading-h3'><h3 class='av-special-heading-tag'  itemprop=\"headline\"  >Energier\u00fcckgewinnung<\/h3><div class=\"special-heading-border\"><div class=\"special-heading-inner-border\"><\/div><\/div><\/div>\n<section  class='av_textblock_section av-jpz7jabp-9e3bd13000799d89bf5ec0afc357b893 '   itemscope=\"itemscope\" itemtype=\"https:\/\/schema.org\/CreativeWork\" ><div class='avia_textblock'  itemprop=\"text\" ><ul>\n<li><strong>Analyse<\/strong> des vorhandenen Energiepotenziales der Anlage<\/li>\n<\/ul>\n<ul>\n<li><strong>Konzeption<\/strong><\/li>\n<\/ul>\n<ul>\n<li><strong>Planung, Berechnung, Auslegung und Ausf\u00fchrung bis zur Inbetriebnahme, inkl. T\u00dcV-Abnahme<\/strong><\/li>\n<\/ul>\n<ul>\n<li><strong>Rauchgas:<\/strong><br \/>\nGas-Wasser W\u00e4rmetauscher<\/li>\n<\/ul>\n<ul>\n<li><strong>Abluft:<\/strong><br \/>\nLuft-Wasser-W\u00e4rmetauscher<\/li>\n<\/ul>\n<ul>\n<li><strong>K\u00fchlwasser<\/strong><br \/>\nWasser-Wasser-W\u00e4rmetauscher<\/li>\n<\/ul>\n<\/div><\/section>\n<\/div><\/div><\/div><!-- close content main div --><\/div><\/div><div id='av_section_4'  class='avia-section av-av_section-3ef07c12a2bb1670acbb6a6393332f22 main_color avia-section-default avia-no-border-styling avia-bg-style-scroll container_wrap fullsize'  ><div class='container av-section-cont-open' ><div class='template-page content  av-content-full alpha units'><div class='post-entry post-entry-type-page post-entry-6186'><div class='entry-content-wrapper clearfix'>\n\n<style type=\"text\/css\" data-created_by=\"avia_inline_auto\" id=\"style-css-av-jpz7j2gk-26829d0595083fc69aad43a666f3685b\">\n#top .av-special-heading.av-jpz7j2gk-26829d0595083fc69aad43a666f3685b{\npadding-bottom:10px;\n}\nbody .av-special-heading.av-jpz7j2gk-26829d0595083fc69aad43a666f3685b .av-special-heading-tag .heading-char{\nfont-size:25px;\n}\n.av-special-heading.av-jpz7j2gk-26829d0595083fc69aad43a666f3685b .av-subheading{\nfont-size:15px;\n}\n<\/style>\n<div  class='av-special-heading av-jpz7j2gk-26829d0595083fc69aad43a666f3685b av-special-heading-h3'><h3 class='av-special-heading-tag'  itemprop=\"headline\"  >Wasserwirtschaft<\/h3><div class=\"special-heading-border\"><div class=\"special-heading-inner-border\"><\/div><\/div><\/div>\n<section  class='av_textblock_section av-jpz7jabp-9e3bd13000799d89bf5ec0afc357b893 '   itemscope=\"itemscope\" itemtype=\"https:\/\/schema.org\/CreativeWork\" ><div class='avia_textblock'  itemprop=\"text\" ><ul>\n<li>Bau-, \u00c4nderungs-, Reparatur- und Instandhaltungsarbeiten an Trinkwassersammelbeh\u00e4ltern<\/li>\n<\/ul>\n<ul>\n<li>Druckerh\u00f6hungsanlagen<\/li>\n<\/ul>\n<ul>\n<li>Edelstahlauskleidung von Hochbeh\u00e4ltern<\/li>\n<\/ul>\n<ul>\n<li>Erneuerung von Trinkwasserleitungen in Edelstahl und Kunststoff<\/li>\n<\/ul>\n<ul>\n<li>Wasseraufbereitung\/Filtertechnik<\/li>\n<\/ul>\n<ul>\n<li>Notreparaturen<\/li>\n<\/ul>\n<ul>\n<li>Montage sowie Einbinden von diversen Komponenten<\/li>\n<\/ul>\n<ul>\n<li>Inbetriebnahme und Wartungsarbeiten<\/li>\n<\/ul>\n<\/div><\/section>\n<\/div><\/div><\/div><!-- close content main div --><\/div><\/div><div id='av_section_5'  class='avia-section av-av_section-3ef07c12a2bb1670acbb6a6393332f22 main_color avia-section-default avia-no-border-styling avia-bg-style-scroll container_wrap fullsize'  ><div class='container av-section-cont-open' ><div class='template-page content  av-content-full alpha units'><div class='post-entry post-entry-type-page post-entry-6186'><div class='entry-content-wrapper clearfix'>\n\n<style type=\"text\/css\" data-created_by=\"avia_inline_auto\" id=\"style-css-av-jpz7j2gk-17d5f0b16b99ec91b8f199037ef7931e\">\n#top .av-special-heading.av-jpz7j2gk-17d5f0b16b99ec91b8f199037ef7931e{\npadding-bottom:10px;\n}\nbody .av-special-heading.av-jpz7j2gk-17d5f0b16b99ec91b8f199037ef7931e .av-special-heading-tag .heading-char{\nfont-size:25px;\n}\n.av-special-heading.av-jpz7j2gk-17d5f0b16b99ec91b8f199037ef7931e .av-subheading{\nfont-size:15px;\n}\n<\/style>\n<div  class='av-special-heading av-jpz7j2gk-17d5f0b16b99ec91b8f199037ef7931e av-special-heading-h3'><h3 class='av-special-heading-tag'  itemprop=\"headline\"  >Beh\u00e4lterbau \/ Stahlbau<\/h3><div class=\"special-heading-border\"><div class=\"special-heading-inner-border\"><\/div><\/div><\/div>\n<section  class='av_textblock_section av-jpz7jabp-9e3bd13000799d89bf5ec0afc357b893 '   itemscope=\"itemscope\" itemtype=\"https:\/\/schema.org\/CreativeWork\" ><div class='avia_textblock'  itemprop=\"text\" ><p>Beh\u00e4lterbau<\/p>\n<ul>\n<li>Beh\u00e4lter und Druckbeh\u00e4lter aus Stahl und Edelstahl nach TRD bzw. Betriebssicherheitsverordnung<\/li>\n<\/ul>\n<ul>\n<li>Sonderdruckbeh\u00e4lter<\/li>\n<\/ul>\n<ul>\n<li>Kundenspezifische Neuanfertigungen mit Herstellerbescheinigung<\/li>\n<\/ul>\n<ul>\n<li>W\u00e4rmetauscher<\/li>\n<\/ul>\n<ul>\n<li>Auf- und Abbau, sowie Anschlie\u00dfen von Beh\u00e4ltern Reparaturen, Montagen<\/li>\n<\/ul>\n<ul>\n<li>Beh\u00e4lter, Tanks bis 10.000 m\u00b3<\/li>\n<\/ul>\n<ul>\n<li>R\u00fchrwerksbeh\u00e4lter<\/li>\n<\/ul>\n<ul>\n<li>Thermal\u00f6lbeh\u00e4lter<\/li>\n<\/ul>\n<ul>\n<li>Wannen, Auskleidungen, Verkleidungen<\/li>\n<\/ul>\n<p><strong><\/p>\n<p><\/strong>Stahlbau<\/p>\n<p>Herstellung und Montage geschwei\u00dfter Bauteile aus Stahl wie z. B.:<\/p>\n<ul>\n<li>Rohrbr\u00fccken<\/li>\n<\/ul>\n<ul>\n<li>St\u00fctzkonstruktionen und Rohrhalterungen<\/li>\n<\/ul>\n<ul>\n<li>Plattformen<\/li>\n<\/ul>\n<ul>\n<li>Aufgangsb\u00fchnen<\/li>\n<\/ul>\n<ul>\n<li>Treppen und Podeste<\/li>\n<\/ul>\n<ul>\n<li>Industriegel\u00e4nder<\/li>\n<\/ul>\n<\/div><\/section>\n<\/div><\/div><\/div><!-- close content main div --><\/div><\/div><div id='av_section_6'  class='avia-section av-av_section-3ef07c12a2bb1670acbb6a6393332f22 main_color avia-section-default avia-no-border-styling avia-bg-style-scroll container_wrap fullsize'  ><div class='container av-section-cont-open' ><div class='template-page content  av-content-full alpha units'><div class='post-entry post-entry-type-page post-entry-6186'><div class='entry-content-wrapper clearfix'>\n\n<style type=\"text\/css\" data-created_by=\"avia_inline_auto\" id=\"style-css-av-jpz7j2gk-69bb3a0523e0577b521637de2f7a9563\">\n#top .av-special-heading.av-jpz7j2gk-69bb3a0523e0577b521637de2f7a9563{\npadding-bottom:10px;\n}\nbody .av-special-heading.av-jpz7j2gk-69bb3a0523e0577b521637de2f7a9563 .av-special-heading-tag .heading-char{\nfont-size:25px;\n}\n.av-special-heading.av-jpz7j2gk-69bb3a0523e0577b521637de2f7a9563 .av-subheading{\nfont-size:15px;\n}\n<\/style>\n<div  class='av-special-heading av-jpz7j2gk-69bb3a0523e0577b521637de2f7a9563 av-special-heading-h3'><h3 class='av-special-heading-tag'  itemprop=\"headline\"  >Steuerungstechnik \/ Elektrotechnik<\/h3><div class=\"special-heading-border\"><div class=\"special-heading-inner-border\"><\/div><\/div><\/div>\n<section  class='av_textblock_section av-jpz7jabp-9e3bd13000799d89bf5ec0afc357b893 '   itemscope=\"itemscope\" itemtype=\"https:\/\/schema.org\/CreativeWork\" ><div class='avia_textblock'  itemprop=\"text\" ><p>Hier bietet HSK Komplettl\u00f6sungen von der Projektierung bis zur Inbetriebnahme.<\/p>\n<ul>\n<li>Niederspannungsschaltanlagen<\/li>\n<\/ul>\n<ul>\n<li>Einzelfertigung von Schaltschr\u00e4nken im Niederspannungsbereich<\/li>\n<\/ul>\n<ul>\n<li>Mess- und Steuerschr\u00e4nke<\/li>\n<\/ul>\n<ul>\n<li>Elektro-, mess- und regeltechnische Installationen<\/li>\n<\/ul>\n<ul>\n<li>Rohrbegleitheizungen<\/li>\n<\/ul>\n<ul>\n<li>Elektroinstallationen von Pumpen, Maschinen und Anlagen; u.a. Filtrationsanlagen, Niveauregelungen<\/li>\n<\/ul>\n<ul>\n<li>Durchflusstechnik<\/li>\n<\/ul>\n<ul>\n<li>Wartung<\/li>\n<\/ul>\n<\/div><\/section>\n<\/p>\n","protected":false},"excerpt":{"rendered":"","protected":false},"author":1,"featured_media":0,"parent":0,"menu_order":0,"comment_status":"closed","ping_status":"closed","template":"","meta":[],"_links":{"self":[{"href":"https:\/\/hsk-rohrleitungsbau.de\/en\/wp-json\/wp\/v2\/pages\/6186"}],"collection":[{"href":"https:\/\/hsk-rohrleitungsbau.de\/en\/wp-json\/wp\/v2\/pages"}],"about":[{"href":"https:\/\/hsk-rohrleitungsbau.de\/en\/wp-json\/wp\/v2\/types\/page"}],"author":[{"embeddable":true,"href":"https:\/\/hsk-rohrleitungsbau.de\/en\/wp-json\/wp\/v2\/users\/1"}],"replies":[{"embeddable":true,"href":"https:\/\/hsk-rohrleitungsbau.de\/en\/wp-json\/wp\/v2\/comments?post=6186"}],"version-history":[{"count":2,"href":"https:\/\/hsk-rohrleitungsbau.de\/en\/wp-json\/wp\/v2\/pages\/6186\/revisions"}],"predecessor-version":[{"id":6194,"href":"https:\/\/hsk-rohrleitungsbau.de\/en\/wp-json\/wp\/v2\/pages\/6186\/revisions\/6194"}],"wp:attachment":[{"href":"https:\/\/hsk-rohrleitungsbau.de\/en\/wp-json\/wp\/v2\/media?parent=6186"}],"curies":[{"name":"wp","href":"https:\/\/api.w.org\/{rel}","templated":true}]}}