{"id":6190,"date":"2018-12-21T20:04:33","date_gmt":"2018-12-21T19:04:33","guid":{"rendered":"https:\/\/neu.hsk-rohrleitungsbau.de\/sonstiges\/"},"modified":"2019-04-07T11:14:45","modified_gmt":"2019-04-07T09:14:45","slug":"miscellaneous","status":"publish","type":"page","link":"https:\/\/hsk-rohrleitungsbau.de\/en\/miscellaneous\/","title":{"rendered":"Miscellaneous"},"content":{"rendered":"<div id='av_section_1'  class='avia-section av-av_section-3ef07c12a2bb1670acbb6a6393332f22 main_color avia-section-default avia-no-border-styling  avia-builder-el-0  el_before_av_section  avia-builder-el-first  avia-bg-style-scroll container_wrap fullsize'  ><div class='container av-section-cont-open' ><main  role=\"main\" itemprop=\"mainContentOfPage\"  class='template-page content  av-content-full alpha units'><div class='post-entry post-entry-type-page post-entry-6190'><div class='entry-content-wrapper clearfix'>\n\n<style type=\"text\/css\" data-created_by=\"avia_inline_auto\" id=\"style-css-av-jpz7s77a-ff517724e33a1166b8eb380993d8922f\">\n#top .av-special-heading.av-jpz7s77a-ff517724e33a1166b8eb380993d8922f{\npadding-bottom:10px;\n}\nbody .av-special-heading.av-jpz7s77a-ff517724e33a1166b8eb380993d8922f .av-special-heading-tag .heading-char{\nfont-size:25px;\n}\n.av-special-heading.av-jpz7s77a-ff517724e33a1166b8eb380993d8922f .av-subheading{\nfont-size:15px;\n}\n<\/style>\n<div  class='av-special-heading av-jpz7s77a-ff517724e33a1166b8eb380993d8922f av-special-heading-h3  avia-builder-el-1  el_before_av_textblock  avia-builder-el-first '><h3 class='av-special-heading-tag'  itemprop=\"headline\"  >Zulassungen<\/h3><div class=\"special-heading-border\"><div class=\"special-heading-inner-border\"><\/div><\/div><\/div>\n<section  class='av_textblock_section av-jpz7sc7k-d5d44def66e74d402bd0e730962529e3 '   itemscope=\"itemscope\" itemtype=\"https:\/\/schema.org\/CreativeWork\" ><div class='avia_textblock'  itemprop=\"text\" ><table border=\"0\" cellspacing=\"0\" cellpadding=\"0\">\n<tbody>\n<tr>\n<td valign=\"top\"><strong>DIN EN ISO 3834-3<\/strong><\/td>\n<td valign=\"top\">Zertifikat \u00fcber die Erf\u00fcllung der schwei\u00dftechnischen Qualit\u00e4tsmerkmale als Hersteller von geschwei\u00dften Konstruktionen<\/td>\n<\/tr>\n<tr>\n<td valign=\"top\"><strong>DIN 18800-7:2002-09<\/strong><\/td>\n<td valign=\"top\">Bescheinigung \u00fcber die Herstellerqualifikation zum Schwei\u00dfen von Stahlbau<\/td>\n<\/tr>\n<tr>\n<td valign=\"top\"><strong>TRB 200 \/ AD<\/strong><\/td>\n<td valign=\"top\">Zertifikat als Hersteller von \u00fcberwachungsbed\u00fcrftigen Anlagen und Anlagenteilen nach AD-Merkblatt HP 5\/2<\/td>\n<\/tr>\n<tr>\n<td valign=\"top\"><strong>Fachbetrieb nach \u00a7 19I WHG<\/strong><\/td>\n<td valign=\"top\">Bescheinigung \u00fcber den Abschlu\u00df eines \u00dcberwachungsvertrages<\/td>\n<\/tr>\n<tr>\n<td valign=\"top\"><strong>DIN EN ISO 15614-1<\/strong><\/td>\n<td valign=\"top\">Verfahrenspr\u00fcfungen nach TRD 201 Technische Regeln Dampfkessel, HP 2\/1 = AD2000-Merkblatt Verfahrenspr\u00fcfung von Schwei\u00dfverbindungen, HP 100 R = AD 2000-Merkblatt Bauvorschriften-Rohrleitungen aus metallischen Werkstoffen<\/td>\n<\/tr>\n<tr>\n<td valign=\"top\"><strong>Schwei\u00dfaufsicht, Schwei\u00dfer HP3<\/strong><\/td>\n<td valign=\"top\"><\/td>\n<\/tr>\n<tr>\n<td valign=\"top\"><strong>T\u00dcV umstempelungsberechtigt<\/strong><\/td>\n<td valign=\"top\">Vereinbarung mit dem T\u00dcV Rheinland&#8230; \u00fcber die sachgem\u00e4\u00dfe Umstempelung von Werkstoffen und Erzeugnissen f\u00fcr \u00dcberwachungsbed\u00fcrftige Anlagen<\/td>\n<\/tr>\n<tr>\n<td valign=\"top\"><strong>DIN EN 287, Teil 1<\/strong><\/td>\n<td valign=\"top\">Gepr\u00fcfte Schwei\u00dfer nach DIN EN287, Teil 1<\/td>\n<\/tr>\n<tr>\n<td valign=\"top\"><strong>Fachbetrieb nach TRbF 20 \/ 50<\/strong><\/td>\n<td valign=\"top\">Anerkennung als VbF-Fachbetrieb nach TRbF 20\/50<\/td>\n<\/tr>\n<tr>\n<td valign=\"top\"><strong>Druckger\u00e4terichtlinie<\/strong><\/td>\n<td valign=\"top\">97\/23\/EG Modul I (A)<\/td>\n<\/tr>\n<tr>\n<td valign=\"top\"><strong>AD 2000 &#8211; Merkblatt HP 0<\/strong><\/td>\n<td valign=\"top\">Hersteller \u00fcberwachungsbed\u00fcrftiger Bauteile<\/td>\n<\/tr>\n<tr>\n<td valign=\"top\"><strong>DIN EN 473 Personal der Zerst\u00f6rungsfreie Pr\u00fcfung<\/strong><\/td>\n<td valign=\"top\">Pr\u00fcfung Zertifikat f\u00fcr Personal der Zerst\u00f6rungsfreien Pr\u00fcfung nach DIN EN 473:2006 und nach Druckger\u00e4terichtlinie 97\/23\/EG<\/td>\n<\/tr>\n<\/tbody>\n<\/table>\n<\/div><\/section>\n<\/div><\/div><\/main><!-- close content main element --><\/div><\/div><div id='av_section_2'  class='avia-section av-av_section-3ef07c12a2bb1670acbb6a6393332f22 main_color avia-section-default avia-no-border-styling  avia-builder-el-3  el_after_av_section  el_before_av_section  avia-bg-style-scroll container_wrap fullsize'  ><div class='container av-section-cont-open' ><div class='template-page content  av-content-full alpha units'><div class='post-entry post-entry-type-page post-entry-6190'><div class='entry-content-wrapper clearfix'>\n\n<style type=\"text\/css\" data-created_by=\"avia_inline_auto\" id=\"style-css-av-jpz7s77a-44109ab3d57656fc221230f4d07beebe\">\n#top .av-special-heading.av-jpz7s77a-44109ab3d57656fc221230f4d07beebe{\npadding-bottom:10px;\n}\nbody .av-special-heading.av-jpz7s77a-44109ab3d57656fc221230f4d07beebe .av-special-heading-tag .heading-char{\nfont-size:25px;\n}\n.av-special-heading.av-jpz7s77a-44109ab3d57656fc221230f4d07beebe .av-subheading{\nfont-size:15px;\n}\n<\/style>\n<div  class='av-special-heading av-jpz7s77a-44109ab3d57656fc221230f4d07beebe av-special-heading-h3  avia-builder-el-4  el_before_av_textblock  avia-builder-el-first '><h3 class='av-special-heading-tag'  itemprop=\"headline\"  >Service<\/h3><div class=\"special-heading-border\"><div class=\"special-heading-inner-border\"><\/div><\/div><\/div>\n<section  class='av_textblock_section av-jpz7sc7k-d5d44def66e74d402bd0e730962529e3 '   itemscope=\"itemscope\" itemtype=\"https:\/\/schema.org\/CreativeWork\" ><div class='avia_textblock'  itemprop=\"text\" ><ul>\n<li>Auslegung und Planung der kompakten Energieanlagen<\/li>\n<\/ul>\n<ul>\n<li>Einbringung und Anschluss der kompakten Energieanlagen<\/li>\n<\/ul>\n<ul>\n<li>Montage\u00fcberwachung<\/li>\n<\/ul>\n<ul>\n<li>Au\u00dferbetriebnahme und Wiederinbetriebnahme<\/li>\n<\/ul>\n<\/div><\/section>\n<\/div><\/div><\/div><!-- close content main div --><\/div><\/div><div id='av_section_3'  class='avia-section av-av_section-3ef07c12a2bb1670acbb6a6393332f22 main_color avia-section-default avia-no-border-styling  avia-builder-el-6  el_after_av_section  avia-builder-el-last  avia-bg-style-scroll container_wrap fullsize'  ><div class='container av-section-cont-open' ><div class='template-page content  av-content-full alpha units'><div class='post-entry post-entry-type-page post-entry-6190'><div class='entry-content-wrapper clearfix'>\n\n<style type=\"text\/css\" data-created_by=\"avia_inline_auto\" id=\"style-css-av-jpz7s77a-dfb241808f026ce2d49a6b26f07e11cf\">\n#top .av-special-heading.av-jpz7s77a-dfb241808f026ce2d49a6b26f07e11cf{\npadding-bottom:10px;\n}\nbody .av-special-heading.av-jpz7s77a-dfb241808f026ce2d49a6b26f07e11cf .av-special-heading-tag .heading-char{\nfont-size:25px;\n}\n.av-special-heading.av-jpz7s77a-dfb241808f026ce2d49a6b26f07e11cf .av-subheading{\nfont-size:15px;\n}\n<\/style>\n<div  class='av-special-heading av-jpz7s77a-dfb241808f026ce2d49a6b26f07e11cf av-special-heading-h3  avia-builder-el-7  el_before_av_textblock  avia-builder-el-first '><h3 class='av-special-heading-tag'  itemprop=\"headline\"  >HSK \u2013 richtungsweisend in Qualit\u00e4t und Leistung!<\/h3><div class=\"special-heading-border\"><div class=\"special-heading-inner-border\"><\/div><\/div><\/div>\n<section  class='av_textblock_section av-jpz7sc7k-d5d44def66e74d402bd0e730962529e3 '   itemscope=\"itemscope\" itemtype=\"https:\/\/schema.org\/CreativeWork\" ><div class='avia_textblock'  itemprop=\"text\" ><p>Ein reibungsloser Arbeitsablauf bedeutet heute das A und O f\u00fcr jedes wirtschaftliche Konzept. Die ganzheitliche Entwicklung und professionelle Umsetzung von anwenderfreundlichen Systemen und Sonderprofilen im Bereich des modernen Anlagen- und Rohrleitungsbaus garantieren Zuverl\u00e4ssigkeit und technische Optimierung. In zahlreichen Anwendungen und Verfahren der unterschiedlichsten Branchen \u00fcberzeugen unsere Systeme bereits seit vielen Jahren als das R\u00fcckgrat stabiler Prozesse.<\/p>\n<p>Ob bei Gesamt- oder Teilanlagen: Planung, Fertigung und auch Montage &#8211; unsere Leistungen orientieren sich nach Kundenwunsch. F\u00fcr Sie bedeutet das, Sie erhalten bei uns Komplettl\u00f6sungen aus einer Hand, genau abgestimmt auf Ihre individuellen Vorgaben.<\/p>\n<p>Nutzen Sie unsere Erfahrung und lassen Sie uns gemeinsam \u00fcber Ihre anstehenden Projekte sprechen.<\/p>\n<p><strong>Betriebsfertige Herstellung von kompakten Energieanlagen in Container- oder Modul-Bauweise, f\u00fcr Ihren Einsatz als:<\/strong><\/p>\n<ul>\n<li>modulare Kesselhaus-Erweiterung<\/li>\n<li>Kesselhausredundanz<\/li>\n<li>Insel-Versorgung<\/li>\n<li>St\u00f6rfall-Versorgung<\/li>\n<li>Dauerversorgung<\/li>\n<li>\u00dcberbr\u00fcckungsversorgung<\/li>\n<\/ul>\n<\/div><\/section>\n<\/p>\n","protected":false},"excerpt":{"rendered":"","protected":false},"author":1,"featured_media":0,"parent":0,"menu_order":0,"comment_status":"closed","ping_status":"closed","template":"","meta":[],"_links":{"self":[{"href":"https:\/\/hsk-rohrleitungsbau.de\/en\/wp-json\/wp\/v2\/pages\/6190"}],"collection":[{"href":"https:\/\/hsk-rohrleitungsbau.de\/en\/wp-json\/wp\/v2\/pages"}],"about":[{"href":"https:\/\/hsk-rohrleitungsbau.de\/en\/wp-json\/wp\/v2\/types\/page"}],"author":[{"embeddable":true,"href":"https:\/\/hsk-rohrleitungsbau.de\/en\/wp-json\/wp\/v2\/users\/1"}],"replies":[{"embeddable":true,"href":"https:\/\/hsk-rohrleitungsbau.de\/en\/wp-json\/wp\/v2\/comments?post=6190"}],"version-history":[{"count":1,"href":"https:\/\/hsk-rohrleitungsbau.de\/en\/wp-json\/wp\/v2\/pages\/6190\/revisions"}],"predecessor-version":[{"id":6192,"href":"https:\/\/hsk-rohrleitungsbau.de\/en\/wp-json\/wp\/v2\/pages\/6190\/revisions\/6192"}],"wp:attachment":[{"href":"https:\/\/hsk-rohrleitungsbau.de\/en\/wp-json\/wp\/v2\/media?parent=6190"}],"curies":[{"name":"wp","href":"https:\/\/api.w.org\/{rel}","templated":true}]}}