{"id":6016,"date":"2018-12-21T20:00:17","date_gmt":"2018-12-21T19:00:17","guid":{"rendered":"https:\/\/neu.hsk-rohrleitungsbau.de\/unternehmen\/"},"modified":"2019-04-07T11:48:22","modified_gmt":"2019-04-07T09:48:22","slug":"entreprise","status":"publish","type":"page","link":"https:\/\/hsk-rohrleitungsbau.de\/fr\/entreprise\/","title":{"rendered":"Entreprise"},"content":{"rendered":"\n<style type=\"text\/css\" data-created_by=\"avia_inline_auto\" id=\"style-css-av-jq20v43u-e69a956b509372193c3dde80bbab04c1\">\n.avia-section.av-jq20v43u-e69a956b509372193c3dde80bbab04c1{\nbackground-repeat:no-repeat;\nbackground-image:url(https:\/\/hsk-rohrleitungsbau.de\/wp-content\/uploads\/HSK-Gebaeude.jpg);\nbackground-position:50% 50%;\nbackground-attachment:scroll;\n}\n.avia-section.av-jq20v43u-e69a956b509372193c3dde80bbab04c1 .av-section-color-overlay{\nopacity:0.3;\nbackground-color:#000000;\nbackground-image:url(https:\/\/hsk-rohrleitungsbau.de\/wp-content\/themes\/enfold\/images\/background-images\/diagonal-bold-light.png);\nbackground-repeat:repeat;\n}\n<\/style>\n<div id='av_section_1'  class='avia-section av-jq20v43u-e69a956b509372193c3dde80bbab04c1 main_color avia-section-default avia-no-border-styling  avia-builder-el-0  el_before_av_section  avia-builder-el-first  avia-full-stretch avia-bg-style-scroll av-section-color-overlay-active av-minimum-height av-minimum-height-25 av-height-25  container_wrap fullsize'  data-section-bg-repeat='stretch' data-av_minimum_height_pc='25' data-av_min_height_opt='25'><div class=\"av-section-color-overlay-wrap\"><div class=\"av-section-color-overlay\"><\/div><div class='container av-section-cont-open' ><main  role=\"main\" itemprop=\"mainContentOfPage\"  class='template-page content  av-content-full alpha units'><div class='post-entry post-entry-type-page post-entry-6016'><div class='entry-content-wrapper clearfix'>\n<\/div><\/div><\/main><!-- close content main element --><\/div><\/div><\/div><div id='av_section_2'  class='avia-section av-43jc2n-88c3cfa453492b5b30193fb7033d0666 main_color avia-section-default avia-no-border-styling  avia-builder-el-1  el_after_av_section  avia-builder-el-last  avia-bg-style-scroll container_wrap fullsize'  ><div class='container av-section-cont-open' ><div class='template-page content  av-content-full alpha units'><div class='post-entry post-entry-type-page post-entry-6016'><div class='entry-content-wrapper clearfix'>\n\n<style type=\"text\/css\" data-created_by=\"avia_inline_auto\" id=\"style-css-av-av_heading-d4d7fc6acc2c4f598fe18cb06377b415\">\n#top .av-special-heading.av-av_heading-d4d7fc6acc2c4f598fe18cb06377b415{\npadding-bottom:10px;\n}\nbody .av-special-heading.av-av_heading-d4d7fc6acc2c4f598fe18cb06377b415 .av-special-heading-tag .heading-char{\nfont-size:25px;\n}\n.av-special-heading.av-av_heading-d4d7fc6acc2c4f598fe18cb06377b415 .av-subheading{\nfont-size:15px;\n}\n<\/style>\n<div  class='av-special-heading av-av_heading-d4d7fc6acc2c4f598fe18cb06377b415 av-special-heading-h3  avia-builder-el-2  el_before_av_textblock  avia-builder-el-first '><h3 class='av-special-heading-tag'  itemprop=\"headline\"  >La construction d\u2019\u00e9quipements pratiques<\/h3><div class=\"special-heading-border\"><div class=\"special-heading-inner-border\"><\/div><\/div><\/div>\n<section  class='av_textblock_section av-jpz79ts6-32c146f5a91c9f32b04c7a0ad4d81cf8 '   itemscope=\"itemscope\" itemtype=\"https:\/\/schema.org\/CreativeWork\" ><div class='avia_textblock'  itemprop=\"text\" ><p>HSK Rohrleitungsbau est le sp\u00e9cialiste des montages d&rsquo;installations et de canalisations. Une technicit\u00e9 d\u00e9cupl\u00e9e, une grande exp\u00e9rience et une \u00e9quipe de collaborateurs hautement motiv\u00e9s sont les fondements de notre dynamisme.<\/p>\n<p>Les comp\u00e9tences principales d&rsquo;HSK s&rsquo;articulent autour de nos savoir-faire en mati\u00e8re de fluides caloporteurs, tels que la vapeur, l&rsquo;eau chaude, le condensat et l&rsquo;huile thermique. Que ce soit pour des fabrications sp\u00e9cifiques ou des produits standard, nous r\u00e9pondons aux demandes de nos clients et d\u00e9veloppons des syst\u00e8mes sur mesure qui leur conviennent \u00e0 la perfection.<\/p>\n<p>Nos installations et nos syst\u00e8mes de canalisations s&rsquo;int\u00e8grent dans divers domaines d&rsquo;application : l&rsquo;industrie alimentaire et des boissons, l&rsquo;industrie chimique et p\u00e9trochimique, l&rsquo;industrie de l&rsquo;asphalte ainsi que dans l&rsquo;industrie manufacturi\u00e8re.<\/p>\n<p>Des solutions innovantes et pratiques, combin\u00e9es \u00e0 un haut niveau d&rsquo;exigence en mati\u00e8re de qualit\u00e9 des finitions, une fonctionnalit\u00e9 infaillible et une approche coop\u00e9rative et proche de nos clients sont \u00e0 la base de notre efficacit\u00e9.<\/p>\n<\/div><\/section>\n\n","protected":false},"excerpt":{"rendered":"","protected":false},"author":1,"featured_media":0,"parent":0,"menu_order":0,"comment_status":"closed","ping_status":"closed","template":"","meta":[],"_links":{"self":[{"href":"https:\/\/hsk-rohrleitungsbau.de\/fr\/wp-json\/wp\/v2\/pages\/6016"}],"collection":[{"href":"https:\/\/hsk-rohrleitungsbau.de\/fr\/wp-json\/wp\/v2\/pages"}],"about":[{"href":"https:\/\/hsk-rohrleitungsbau.de\/fr\/wp-json\/wp\/v2\/types\/page"}],"author":[{"embeddable":true,"href":"https:\/\/hsk-rohrleitungsbau.de\/fr\/wp-json\/wp\/v2\/users\/1"}],"replies":[{"embeddable":true,"href":"https:\/\/hsk-rohrleitungsbau.de\/fr\/wp-json\/wp\/v2\/comments?post=6016"}],"version-history":[{"count":5,"href":"https:\/\/hsk-rohrleitungsbau.de\/fr\/wp-json\/wp\/v2\/pages\/6016\/revisions"}],"predecessor-version":[{"id":6265,"href":"https:\/\/hsk-rohrleitungsbau.de\/fr\/wp-json\/wp\/v2\/pages\/6016\/revisions\/6265"}],"wp:attachment":[{"href":"https:\/\/hsk-rohrleitungsbau.de\/fr\/wp-json\/wp\/v2\/media?parent=6016"}],"curies":[{"name":"wp","href":"https:\/\/api.w.org\/{rel}","templated":true}]}}