{"id":6179,"date":"2018-12-21T20:01:06","date_gmt":"2018-12-21T19:01:06","guid":{"rendered":"https:\/\/neu.hsk-rohrleitungsbau.de\/anlagenbau\/"},"modified":"2019-04-07T11:12:09","modified_gmt":"2019-04-07T09:12:09","slug":"installations","status":"publish","type":"page","link":"https:\/\/hsk-rohrleitungsbau.de\/fr\/installations\/","title":{"rendered":"Installations"},"content":{"rendered":"<div id='av_section_1'  class='avia-section av-av_section-3ef07c12a2bb1670acbb6a6393332f22 main_color avia-section-default avia-no-border-styling  avia-builder-el-0  avia-builder-el-no-sibling  avia-bg-style-scroll container_wrap fullsize'  ><div class='container av-section-cont-open' ><main  role=\"main\" itemprop=\"mainContentOfPage\"  class='template-page content  av-content-full alpha units'><div class='post-entry post-entry-type-page post-entry-6179'><div class='entry-content-wrapper clearfix'>\n\n<style type=\"text\/css\" data-created_by=\"avia_inline_auto\" id=\"style-css-av-jpz7o075-f7b296fdb8d676505c5d25577c879648\">\n#top .av-special-heading.av-jpz7o075-f7b296fdb8d676505c5d25577c879648{\npadding-bottom:10px;\n}\nbody .av-special-heading.av-jpz7o075-f7b296fdb8d676505c5d25577c879648 .av-special-heading-tag .heading-char{\nfont-size:25px;\n}\n.av-special-heading.av-jpz7o075-f7b296fdb8d676505c5d25577c879648 .av-subheading{\nfont-size:15px;\n}\n<\/style>\n<div  class='av-special-heading av-jpz7o075-f7b296fdb8d676505c5d25577c879648 av-special-heading-h3  avia-builder-el-1  el_before_av_textblock  avia-builder-el-first '><h3 class='av-special-heading-tag'  itemprop=\"headline\"  >Anlagenbau<\/h3><div class=\"special-heading-border\"><div class=\"special-heading-inner-border\"><\/div><\/div><\/div>\n<section  class='av_textblock_section av-jpz7oeui-2acacd8c86a26b9910a9196a78812c84 '   itemscope=\"itemscope\" itemtype=\"https:\/\/schema.org\/CreativeWork\" ><div class='avia_textblock'  itemprop=\"text\" ><p>Das au\u00dferordentlich breite Spektrum des Anlagenbaus erfordert ein hohes Ma\u00df an Know-How, das HSK-Rohrleitungsbau als System- und Komplettdienstleister f\u00fcr verbrauchs- und kundennahe Anlagen bietet.<\/p>\n<ul>\n<li>Beratung<\/li>\n<\/ul>\n<ul>\n<li>Planung und Konstruktion\n<ul>\n<li>Unter Ber\u00fccksichtigung der Kundenw\u00fcnsche planen wir individuelle L\u00f6sungen.<br \/>\nWir erstellen Leistungsverzeichnisse, Fertigungszeichnungen, Isometrien, Dokumentationen in Form von Flie\u00dfbildern, Rohrleitungspl\u00e4nen, Konstruktionszeichnungen \u2013 selbstverst\u00e4ndlich CAD-unterst\u00fctzt.<\/li>\n<\/ul>\n<\/li>\n<\/ul>\n<ul>\n<li>Lieferung \/ Montage\n<ul>\n<li>Wir erstellen die betriebsfertige Montage inkl. rohrtechnischer und steuerungstechnischer Anbindung, sowie die Inbetriebnahme und Wartung der Anlage.<\/li>\n<\/ul>\n<\/li>\n<\/ul>\n<ul>\n<li>Auf- und Abbau, sowie Anschlie\u00dfen Ihrer Maschinen<\/li>\n<\/ul>\n<ul>\n<li>\u00c4nderungsarbeiten<\/li>\n<\/ul>\n<ul>\n<li>Reparaturschwei\u00dfungen<\/li>\n<\/ul>\n<ul>\n<li>Branchen:<\/li>\n<p>z.B. Lebensmittel, Getr\u00e4nkeindustrie, W\u00e4schereien<\/ul>\n<ul>\n<li>Medien:<\/li>\n<p>z. B. W\u00e4rme, Wasser, Gas, \u00d6l, Dampf, K\u00e4lte<\/ul>\n<ul>\n<li>Technischen Anforderungen:<\/li>\n<p>z.B. Produktionsanlagen, Stahlbau, Heizung<\/ul>\n<\/div><\/section>\n\n<style type=\"text\/css\" data-created_by=\"avia_inline_auto\" id=\"style-css-av-jpz7o075-0420934b5e5c780abe31f3ae4049a5cb\">\n#top .av-special-heading.av-jpz7o075-0420934b5e5c780abe31f3ae4049a5cb{\npadding-bottom:10px;\n}\nbody .av-special-heading.av-jpz7o075-0420934b5e5c780abe31f3ae4049a5cb .av-special-heading-tag .heading-char{\nfont-size:25px;\n}\n.av-special-heading.av-jpz7o075-0420934b5e5c780abe31f3ae4049a5cb .av-subheading{\nfont-size:15px;\n}\n<\/style>\n<div  class='av-special-heading av-jpz7o075-0420934b5e5c780abe31f3ae4049a5cb av-special-heading-h3'><h3 class='av-special-heading-tag'  itemprop=\"headline\"  >Anwendungsbeispiele<\/h3><div class=\"special-heading-border\"><div class=\"special-heading-inner-border\"><\/div><\/div><\/div>\n<section  class='av_textblock_section av-jpz7ojq8-9b76dd4e1dda9fe2e4f8660f51d3819b '   itemscope=\"itemscope\" itemtype=\"https:\/\/schema.org\/CreativeWork\" ><div class='avia_textblock'  itemprop=\"text\" ><ul>\n<li>Rohrleitungsnetze u.a. f\u00fcr Dampfkesselanlagen<\/li>\n<\/ul>\n<ul>\n<li>Reindampferzeuger<\/li>\n<\/ul>\n<ul>\n<li>Heizungsanlagen<\/li>\n<\/ul>\n<ul>\n<li>Wasseraufbereitungsanlagen \/ Wasserr\u00fcckgewinnungsanlagen<\/li>\n<\/ul>\n<ul>\n<li>Kondensatanlagen \/ Kondensathebestationen<\/li>\n<\/ul>\n<ul>\n<li>W\u00e4rmetauscher \/ W\u00e4rmer\u00fcckgewinnungsanlagen<\/li>\n<\/ul>\n<ul>\n<li>Thermal\u00f6lanlagen<\/li>\n<\/ul>\n<ul>\n<li>Eiswasseranlagen<\/li>\n<\/ul>\n<ul>\n<li>Anlagenbau und Anlagentechnik<\/li>\n<p>f\u00fcr die Chemie-, Petrochemische-, Lebensmittel- und Asphaltindustrie, W\u00e4schereien<\/ul>\n<ul>\n<li>Erd- und Fl\u00fcssiggasanlagen<\/li>\n<\/ul>\n<\/div><\/section>\n\n","protected":false},"excerpt":{"rendered":"","protected":false},"author":1,"featured_media":0,"parent":0,"menu_order":0,"comment_status":"closed","ping_status":"closed","template":"","meta":[],"_links":{"self":[{"href":"https:\/\/hsk-rohrleitungsbau.de\/fr\/wp-json\/wp\/v2\/pages\/6179"}],"collection":[{"href":"https:\/\/hsk-rohrleitungsbau.de\/fr\/wp-json\/wp\/v2\/pages"}],"about":[{"href":"https:\/\/hsk-rohrleitungsbau.de\/fr\/wp-json\/wp\/v2\/types\/page"}],"author":[{"embeddable":true,"href":"https:\/\/hsk-rohrleitungsbau.de\/fr\/wp-json\/wp\/v2\/users\/1"}],"replies":[{"embeddable":true,"href":"https:\/\/hsk-rohrleitungsbau.de\/fr\/wp-json\/wp\/v2\/comments?post=6179"}],"version-history":[{"count":1,"href":"https:\/\/hsk-rohrleitungsbau.de\/fr\/wp-json\/wp\/v2\/pages\/6179\/revisions"}],"predecessor-version":[{"id":6180,"href":"https:\/\/hsk-rohrleitungsbau.de\/fr\/wp-json\/wp\/v2\/pages\/6179\/revisions\/6180"}],"wp:attachment":[{"href":"https:\/\/hsk-rohrleitungsbau.de\/fr\/wp-json\/wp\/v2\/media?parent=6179"}],"curies":[{"name":"wp","href":"https:\/\/api.w.org\/{rel}","templated":true}]}}